{"id":5340,"date":"2022-09-30T10:50:38","date_gmt":"2022-09-30T10:50:38","guid":{"rendered":"https:\/\/www.biovertix.com\/?page_id=5340"},"modified":"2024-08-19T11:44:49","modified_gmt":"2024-08-19T11:44:49","slug":"politica-de-privacitat","status":"publish","type":"page","link":"https:\/\/www.biovertix.com\/ca\/politica-de-privacitat\/","title":{"rendered":"Pol\u00edtica de privacitat"},"content":{"rendered":"<p><strong>INTRODUCCI\u00d3<\/strong><\/p>\n<p>La seva privadesa \u00e9s important per a nosaltres, aix\u00ed que mitjan\u00e7ant aquest document us expliquem quines dades recopilem dels usuaris, com les utilitzem i per a qu\u00e8, entre altres indicacions. Per a la vostra informaci\u00f3, mai sol\u00b7licitarem m\u00e9s informaci\u00f3 de la que realment necessitarem per als serveis requerits; mai no la compartirem amb tercers, excepte per obligaci\u00f3 legal o amb la seva autoritzaci\u00f3 pr\u00e8via; i mai no utilitzarem les seves dades per a una altra finalitat no indicada pr\u00e8viament.<\/p>\n<p>Com a usuari, haur\u00e0 de llegir atentament aquesta pol\u00edtica de privadesa de manera regular, i sempre que introdueixi les seves dades personals, ja que aquest document pot patir modificacions ja que el prestador pot modificar qualsevol tipus d&#8217;informaci\u00f3 que pogu\u00e9s apar\u00e8ixer a la web, i sense que existeixi la obligaci\u00f3 de preavisar o posar en coneixement dels usuaris aquestes obligacions, sent suficients la publicaci\u00f3 al lloc web del prestador.<\/p>\n<p>&nbsp;<\/p>\n<p><strong>RESPONSABLE DEL TRACTAMENT<\/strong><\/p>\n<p><strong>Identitat: BIOMEDICAL VERTIX SA<\/strong> (tamb\u00e9 el prestador)<br \/>\n<strong>NIF:<\/strong> A62683917<br \/>\n<strong>Adre\u00e7a postal:<\/strong> Av. Torreblanca 2-8, 1\u00baF, 08172 Sant Cugat del Vall\u00e8s, (Barcelona)<br \/>\n<strong>Correu electr\u00f2nic:<\/strong> <a href=\"mailto:dpo@biovertix.com\">dpo@biovertix.com<\/a><br \/>\n<strong>Contacte DPD:<\/strong> <a href=\"mailto:dpo@biovertix.com\">dpo@biovertix.com<\/a><\/p>\n<p>BIOMEDICAL VERTIX SA, com a responsable del Lloc web, de conformitat amb el que disposa el Reglament (UE) 2016\/679 de 27 d&#8217;abril de 2016 (RGPD), Llei Org\u00e0nica 3\/2018 de 5 de desembre (LOPDGDD) i la resta de normativa legal vigent en mat\u00e8ria de protecci\u00f3 de dades personals, i per la Llei 34\/2002, d&#8217;11 de juliol, de Serveis de la Societat de la Informaci\u00f3 i del Comer\u00e7 Electr\u00f2nic (LSSICE), us informa que t\u00e9 implementades les mesures de seguretat necess\u00e0ries, d&#8217;\u00edndole t\u00e8cnica i organitzatives, per garantir i protegir la confidencialitat, integritat i disponibilitat de les dades introdu\u00efdes.<\/p>\n<p>M\u00c8TODE D&#8217;OBTENCI\u00d3 DE LES DADES i DADES QUE RECAPTEM: Les dades que recollim i com les obtenim \u00e9s la seg\u00fcent: Mitjan\u00e7ant el formulari de contacte: nom, Adre\u00e7a email i tel\u00e8fon i mitjan\u00e7ant el formulari de subscripci\u00f3 al Butllet\u00ed de not\u00edcies: nom i cognoms, correu electr\u00f2nic, tel\u00e8fon<\/p>\n<p>No es tracten categories de dades especialment protegides.<\/p>\n<p><strong>FINALITAT DEL TRACTAMENT<\/strong><\/p>\n<p>Les vostres dades personals nom\u00e9s s&#8217;utilitzaran per a les seg\u00fcents finalitats, prestant el vostre consentiment per a cadascuna de les finalitats a l&#8217;apartat corresponent de la web:<\/p>\n<p>formulari de contacte: per respondre a les consultes i\/o proporcionar informacions requerides per a l&#8217;Usuari;<\/p>\n<p>formulari de subscripci\u00f3 al Butllet\u00ed de not\u00edcies: per rebre informaci\u00f3 sobre els serveis del centre;<\/p>\n<p><strong>Altres finalitats:<\/strong><\/p>\n<p>o Realitzar les gestions comercials, administratives, fiscals, comptables que siguin necess\u00e0ries en virtut de la legislaci\u00f3 vigent;<\/p>\n<p>o Con\u00e8ixer la seva opini\u00f3 i millorar els serveis prestats per la web;<\/p>\n<p>o Xarxes socials: a l&#8217;apartat corresponent s&#8217;especifica l&#8217;\u00fas de les xarxes socials.<\/p>\n<p>\u00das de Fotografies: Les fotografies que estiguin penjades a la web s\u00f3n propietat de BIOMEDICAL VERTIX SA.<\/p>\n<p>D&#8217;acord amb la LSSICE, BIOMEDICAL VERTIX SA no fa pr\u00e0ctiques de SPAM, per tant, no envia correus comercials per correu electr\u00f2nic que no hagin estat pr\u00e8viament sol\u00b7licitats o autoritzats per l&#8217;Usuari. En conseq\u00fc\u00e8ncia, a totes les comunicacions que rebr\u00e0 del prestador, l&#8217;usuari t\u00e9 la possibilitat de revocar el seu consentiment expr\u00e9s per rebre les nostres comunicacions.<\/p>\n<p>No tractarem les vostres dades personals per a cap altra finalitat de les descrites excepte per obligaci\u00f3 legal o requeriment judicial.<\/p>\n<p>No ser\u00e0 objecte de decisions basades en tractaments automatitzats que produeixin efectes sobre les vostres dades.<\/p>\n<p><strong>LEGITIMACI\u00d3 DEL TRACTAMENT<\/strong><\/p>\n<p>La base legal per al tractament de les dades \u00e9s el seu consentiment atorgat en el moment de donar les dades al formulari corresponent per dur a terme les finalitats, en el moment de marcaci\u00f3 de la casella de verificaci\u00f3.<\/p>\n<p>L&#8217;oferta prospectiva o comercial de productes i serveis est\u00e0 basada en el consentiment que se us demana, sense que en cap cas la retirada d&#8217;aquest consentiment condicioni l&#8217;execuci\u00f3 del contracte de subscripci\u00f3.<\/p>\n<p>No facilitar les dades personals sol\u00b7licitades o no acceptar aquesta pol\u00edtica de privadesa suposa la impossibilitat d&#8217;aconseguir les finalitats anteriorment descrites.<\/p>\n<p>En els casos en qu\u00e8 hi hagi una relaci\u00f3 contractual pr\u00e8via entre les parts, la legitimaci\u00f3 per al desenvolupament de les obligacions administratives, fiscals i comptables que siguin necess\u00e0ries en virtut de la legislaci\u00f3 vigent \u00e9s l&#8217;exist\u00e8ncia pr\u00e8via de la relaci\u00f3 comercial establerta entre les parts.<\/p>\n<p><strong>TERMINI DE CONSERVACI\u00d3 DE LES DADES:<\/strong><\/p>\n<p>Les vostres dades es conservaran mentre duri la relaci\u00f3 comercial amb nosaltres o exerceix el vostre dret de cancel\u00b7laci\u00f3, oposici\u00f3 o revocaci\u00f3 del consentiment. Tot i haver exercit els seus drets de forma correcta, haurem de conservar degudament bloquejades les seves dades mentre durin els terminis legalment previstos a les disposicions aplicables.<\/p>\n<p><strong>DESTINATARIS DE CESSIONS O TRANSFER\u00c8NCIES:<\/strong><\/p>\n<p>BIOMEDICAL VERTIX SA no duu a terme cap cessi\u00f3 o comunicaci\u00f3 de dades ni dins ni fora de la UE. El prestador \u00fanicament facilitar\u00e0 informaci\u00f3 a les forces i cossos de seguretat sota ordre judicial o per obligaci\u00f3 d&#8217;una norma legal, sense perjudici de poder bloquejar o cancel\u00b7lar el vostre compte si hi pot haver indicis de la comissi\u00f3 d&#8217;algun delicte per part de l&#8217;usuari. La informaci\u00f3 facilitada ser\u00e0 nom\u00e9s la que disposi en aquell moment el prestador.<\/p>\n<p>En el cas de subscripci\u00f3 al butllet\u00ed de not\u00edcies\u00a0 les vostres dades viatgen en un servidor de Mailchimp que compleix la normativa del RGPD.<\/p>\n<p>La informaci\u00f3 que ens proporcioneu tant a trav\u00e9s d&#8217;aquest lloc web ser\u00e0 allotjada als servidors de BIOMEDICAL VERTIX SA, contractats a l&#8217;empresa que presta el servei d&#8217;allotjament de la web. El tractament de les dades de l&#8217;entitat est\u00e0 regulat mitjan\u00e7ant un contracte d&#8217;encarregat del tractament entre el prestador i aquesta empresa.<\/p>\n<p><strong>DRETS DE LES PERSONES INTERESSADES:<\/strong><\/p>\n<p>Com a usuari-interessat, podeu sol\u00b7licitar l&#8217;exercici dels seg\u00fcents drets davant BIOMEDICAL VERTIX SA presentant un escrit a l&#8217;adre\u00e7a postal de l&#8217;encap\u00e7alament o enviant un correu electr\u00f2nic a dpo@biovertix.com, indicant com a Assumpte: &#8220;PROTECCI\u00d3 DE DADES: DRETS DELS INTERESSATS\u201d, i adjuntant fotoc\u00f2pia del seu DNI o qualsevol mitj\u00e0 an\u00e0leg en dret, tal com indica la llei.<\/p>\n<p>Drets:<\/p>\n<ul>\n<li>Dret d&#8217;acc\u00e9s: permet a l&#8217;interessat con\u00e8ixer i obtenir informaci\u00f3 sobre les vostres dades de car\u00e0cter personal sotmeses a tractament.<\/li>\n<li>Dret de rectificaci\u00f3 o supressi\u00f3: permet corregir errors i modificar les dades que resultin ser inexactes o incomplets<\/li>\n<li>Dret de cancel\u00b7laci\u00f3: permet que se suprimeixin les dades que siguin inadequades o excessives<\/li>\n<li>Dret d&#8217;oposici\u00f3: dret de l&#8217;interessat que no es dugui a terme el tractament de les vostres dades de car\u00e0cter personal o s&#8217;hi cessi.<\/li>\n<li>Limitaci\u00f3 del tractament: comporta el marcatge de les dades personals conservades, per tal de limitar-ne el futur tractament, per a l&#8217;exercici o la defensa de reclamacions.<\/li>\n<li>Portabilitat de les dades: facilitaci\u00f3 de les dades objecte de tractament a linteressat, perqu\u00e8 aquest pugui transmetre a un altre responsable, sense impediments.<\/li>\n<li>Dret a no ser objecte de decisions individuals automatitzades (inclosa l&#8217;elaboraci\u00f3 de perfils): dret a no ser objecte d&#8217;una decisi\u00f3 basada en el tractament automatitzat que produeixi efectes o afecti significativament<\/li>\n<\/ul>\n<p>Com a usuari, teniu dret a retirar el consentiment donat en qualsevol moment. La retirada del consentiment no afecta la licitud del tractament efectuat abans de la retirada del consentiment.<\/p>\n<p>Tamb\u00e9 t\u00e9 dret a presentar una reclamaci\u00f3 davant l&#8217;autoritat de control si considera que els seus drets s&#8217;han vist vulnerats en relaci\u00f3 amb la protecci\u00f3 de les seves dades (www.aepd.es).<\/p>\n<p><strong>MESURES DE SEGURETAT:<\/strong><\/p>\n<p>Les dades que ens faciliti es tractaran de manera confidencial. El prestador ha adoptat totes les mesures t\u00e8cniques i organitzatives i tots els nivells de protecci\u00f3 necessaris per garantir la seguretat en el tractament de les dades i evitar-ne l&#8217;alteraci\u00f3, la p\u00e8rdua, el robatori, el tractament o l&#8217;acc\u00e9s no autoritzat, d&#8217;acord amb l&#8217;estat de la tecnologia i naturalesa de les dades emmagatzemades. Aix\u00ed mateix, es garanteix tamb\u00e9 que el tractament i registre en fitxers, programes, sistemes o equips, locals i centres compleixen els requisits i les condicions d&#8217;integritat i seguretat establertes a la normativa vigent.<\/p>\n<p><strong>IDIOMA<\/strong><\/p>\n<p>L&#8217;idioma aplicable a aquesta pol\u00edtica de privadesa \u00e9s el castell\u00e0. Per tant, en cas que hi hagu\u00e9s alguna contradicci\u00f3 en alguna de les versions facilitades en altres idiomes, prevaldr\u00e0 la versi\u00f3 en catal\u00e0.<\/p>\n<p><strong>XARXES SOCIALS<\/strong><\/p>\n<p>Us informem que BIOMEDICAL VERTIX SA pot tenir pres\u00e8ncia a xarxes socials. El tractament de les dades que es porti a terme de les persones que es facin seguidores a les xarxes socials (i\/o realitzin qualsevol vincle o acci\u00f3 de connexi\u00f3 a trav\u00e9s de les xarxes socials) de les p\u00e0gines oficials de BIOMEDICAL VERTIX SA es regir\u00e0 per aquest apartat, aix\u00ed com per a aquelles condicions d\u00fas, pol\u00edtiques de privadesa i normatives dacc\u00e9s que pertanyin a la xarxa social que procedeixi en cada cas i acceptades pr\u00e8viament per lusuari.<\/p>\n<p>BIOMEDICAL VERTIX SA tractar\u00e0 les vostres dades amb les finalitats d&#8217;administrar correctament la vostra pres\u00e8ncia a la xarxa social, informant d&#8217;activitats, productes o serveis del prestador, aix\u00ed com per a qualsevol altra finalitat que les normatives de les Xarxes Socials permetin.<\/p>\n<p>Queda prohibida la publicaci\u00f3 de continguts:<\/p>\n<p>&#8211; \u00a0\u00a0\u00a0\u00a0\u00a0\u00a0\u00a0\u00a0\u00a0\u00a0\u00a0\u00a0\u00a0\u00a0\u00a0 Que siguin presumptament il\u00b7l\u00edcits per la normativa nacional, comunit\u00e0ria o internacional o que realitzin activitats presumptament il\u00b7l\u00edcites o contravinguin els principis de la bona fe.<\/p>\n<p>&#8211; \u00a0\u00a0\u00a0\u00a0\u00a0\u00a0\u00a0\u00a0\u00a0\u00a0\u00a0\u00a0\u00a0\u00a0\u00a0 Que atemptin contra els drets fonamentals de les persones, faltin a la cortesia a la xarxa, molestin o puguin generar opinions negatives en els nostres usuaris o tercers i en general qualssevol siguin els continguts que BIOMEDICAL VERTIX SA consideri inadequats.<\/p>\n<p>&#8211; I en general que contravinguin els principis de legalitat, honradesa, responsabilitat, protecci\u00f3 de la dignitat humana, protecci\u00f3 de menors, protecci\u00f3 de l&#8217;ordre p\u00fablic, la protecci\u00f3 de la vida privada, la protecci\u00f3 del consumidor i els drets de propietat intel\u00b7lectual i industrial.<\/p>\n<p>Aix\u00ed mateix, BIOMEDICAL VERTIX SA es reserva la potestat de retirar, sense av\u00eds previ del lloc web o de la xarxa social corporativa aquells continguts que es consideren inadequats.<\/p>\n<p>En tot cas, si remet informaci\u00f3 personal a trav\u00e9s de la xarxa social, BIOMEDICAL VERTIX SA quedar\u00e0 exempt de responsabilitat en relaci\u00f3 amb les mesures de seguretat aplicables a la present plataforma i l&#8217;usuari, en cas de voler con\u00e8ixer-les, ha de consultar les corresponents condicions particulars de la xarxa en q\u00fcesti\u00f3.<\/p>\n<p><strong>PUBLICACI\u00d3 DEL SEU TESTIMONI<\/strong><\/p>\n<p>En cas que l&#8217;usuari vulgui publicar la seva opini\u00f3 a la web, us informem que les dades aportades seran tractades per atendre experi\u00e8ncies o opinions respecte dels serveis per ser publicades a la p\u00e0gina web i aix\u00ed poder ajudar altres usuaris. Les dades es conservaran mentre hi hagi un inter\u00e8s mutu per mantenir la fi del tractament i quan ja no sigui necessari amb aquesta finalitat, se suprimiran amb mesures de seguretat adequades per garantir la pseudonimitzaci\u00f3 de les dades o destrucci\u00f3 total d&#8217;aquestes. Els testimonis es publicaran a la nostra p\u00e0gina web. L\u00fanica dada personal que es publicar\u00e0 del testimoni ser\u00e0 el seu nom.<\/p>\n<p><strong>CANVIS A LA PRESENT POL\u00cdTICA DE PRIVACITAT<\/strong><\/p>\n<p>BIOMEDICAL VERTIX SA es reserva el dret de modificar aquesta pol\u00edtica per adaptar-la a novetats legislatives o jurisprudencials.<\/p>\n<p><strong>REVOCABILITAT<\/strong><\/p>\n<p>El consentiment prestat, tant pel tractament com per a la cessi\u00f3 de les dades dels interessats, \u00e9s revocable en qualsevol moment comunicant-ho a BIOMEDICAL VERTIX SA en els termes establerts en aquesta Pol\u00edtica per a l&#8217;exercici dels drets. Aquesta revocaci\u00f3 en cap cas no t\u00e9 car\u00e0cter retroactiu.<\/p>\n<p><strong>LEGISLACI\u00d3<\/strong><\/p>\n<p>Amb car\u00e0cter general les relacions entre BIOMEDICAL VERTIX SA amb els Usuaris dels seus serveis telem\u00e0tics, presents en aquesta web, estan sotmesos a la legislaci\u00f3 i jurisdicci\u00f3 espanyola a qu\u00e8 se sotmeten expressament les parts, sent competents per a la resoluci\u00f3 de tots els conflictes derivats o relacionats amb l&#8217;\u00fas dels Jutjats i Tribunals de Barcelona.<\/p>\n<p>Amb car\u00e0cter general les relacions entre BIOMEDICAL VERTIX SA amb els Usuaris dels seus serveis telem\u00e0tics, presents en aquesta web, estan sotmesos a la legislaci\u00f3 i jurisdicci\u00f3 espanyola a qu\u00e8 se sotmeten expressament les parts, sent competents per a la resoluci\u00f3 de tots els conflictes derivats o relacionats amb l&#8217;\u00fas dels Jutjats i Tribunals de Barcelona.<\/p>\n<p>&nbsp;<\/p>\n","protected":false},"excerpt":{"rendered":"<p>INTRODUCCI\u00d3 La seva privadesa \u00e9s important per a nosaltres, aix\u00ed que mitjan\u00e7ant aquest document us expliquem quines dades recopilem dels usuaris, com les utilitzem i per a qu\u00e8, entre altres indicacions. Per a la vostra informaci\u00f3, mai sol\u00b7licitarem m\u00e9s informaci\u00f3 de la que realment necessitarem per als serveis requerits; mai no la compartirem amb tercers,&hellip;<\/p>\n","protected":false},"author":1,"featured_media":0,"parent":0,"menu_order":0,"comment_status":"closed","ping_status":"closed","template":"","meta":{"footnotes":""},"class_list":["post-5340","page","type-page","status-publish","hentry","description-off"],"yoast_head":"<!-- This site is optimized with the Yoast SEO plugin v27.3 - https:\/\/yoast.com\/product\/yoast-seo-wordpress\/ -->\n<title>Pol\u00edtica de privacitat - Biovertix - Centro de salud integral.<\/title>\n<meta name=\"robots\" content=\"index, follow, max-snippet:-1, max-image-preview:large, max-video-preview:-1\" \/>\n<link rel=\"canonical\" href=\"https:\/\/www.biovertix.com\/ca\/politica-de-privacitat\/\" \/>\n<meta property=\"og:locale\" content=\"ca_ES\" \/>\n<meta property=\"og:type\" content=\"article\" \/>\n<meta property=\"og:title\" content=\"Pol\u00edtica de privacitat - Biovertix - Centro de salud integral.\" \/>\n<meta property=\"og:description\" content=\"INTRODUCCI\u00d3 La seva privadesa \u00e9s important per a nosaltres, aix\u00ed que mitjan\u00e7ant aquest document us expliquem quines dades recopilem dels usuaris, com les utilitzem i per a qu\u00e8, entre altres indicacions. Per a la vostra informaci\u00f3, mai sol\u00b7licitarem m\u00e9s informaci\u00f3 de la que realment necessitarem per als serveis requerits; mai no la compartirem amb tercers,&hellip;\" \/>\n<meta property=\"og:url\" content=\"https:\/\/www.biovertix.com\/ca\/politica-de-privacitat\/\" \/>\n<meta property=\"og:site_name\" content=\"Biovertix - Centro de salud integral.\" \/>\n<meta property=\"article:publisher\" content=\"https:\/\/www.facebook.com\/doctoraolaru\" \/>\n<meta property=\"article:modified_time\" content=\"2024-08-19T11:44:49+00:00\" \/>\n<meta name=\"twitter:card\" content=\"summary_large_image\" \/>\n<meta name=\"twitter:label1\" content=\"Temps estimat de lectura\" \/>\n\t<meta name=\"twitter:data1\" content=\"10 minuts\" \/>\n<script type=\"application\/ld+json\" class=\"yoast-schema-graph\">{\"@context\":\"https:\\\/\\\/schema.org\",\"@graph\":[{\"@type\":\"WebPage\",\"@id\":\"https:\\\/\\\/www.biovertix.com\\\/ca\\\/politica-de-privacitat\\\/\",\"url\":\"https:\\\/\\\/www.biovertix.com\\\/ca\\\/politica-de-privacitat\\\/\",\"name\":\"Pol\u00edtica de privacitat - Biovertix - Centro de salud integral.\",\"isPartOf\":{\"@id\":\"https:\\\/\\\/www.biovertix.com\\\/#website\"},\"datePublished\":\"2022-09-30T10:50:38+00:00\",\"dateModified\":\"2024-08-19T11:44:49+00:00\",\"breadcrumb\":{\"@id\":\"https:\\\/\\\/www.biovertix.com\\\/ca\\\/politica-de-privacitat\\\/#breadcrumb\"},\"inLanguage\":\"ca\",\"potentialAction\":[{\"@type\":\"ReadAction\",\"target\":[\"https:\\\/\\\/www.biovertix.com\\\/ca\\\/politica-de-privacitat\\\/\"]}]},{\"@type\":\"BreadcrumbList\",\"@id\":\"https:\\\/\\\/www.biovertix.com\\\/ca\\\/politica-de-privacitat\\\/#breadcrumb\",\"itemListElement\":[{\"@type\":\"ListItem\",\"position\":1,\"name\":\"Portada\",\"item\":\"https:\\\/\\\/www.biovertix.com\\\/ca\\\/inicio\\\/\"},{\"@type\":\"ListItem\",\"position\":2,\"name\":\"Pol\u00edtica de privacitat\"}]},{\"@type\":\"WebSite\",\"@id\":\"https:\\\/\\\/www.biovertix.com\\\/#website\",\"url\":\"https:\\\/\\\/www.biovertix.com\\\/\",\"name\":\"Biovertix - Centro de salud integral.\",\"description\":\"Salud integrativa y quiropr\u00e1ctica en Barcelona\",\"publisher\":{\"@id\":\"https:\\\/\\\/www.biovertix.com\\\/#organization\"},\"potentialAction\":[{\"@type\":\"SearchAction\",\"target\":{\"@type\":\"EntryPoint\",\"urlTemplate\":\"https:\\\/\\\/www.biovertix.com\\\/?s={search_term_string}\"},\"query-input\":{\"@type\":\"PropertyValueSpecification\",\"valueRequired\":true,\"valueName\":\"search_term_string\"}}],\"inLanguage\":\"ca\"},{\"@type\":\"Organization\",\"@id\":\"https:\\\/\\\/www.biovertix.com\\\/#organization\",\"name\":\"Biovertix - Centro de salud integral.\",\"url\":\"https:\\\/\\\/www.biovertix.com\\\/\",\"logo\":{\"@type\":\"ImageObject\",\"inLanguage\":\"ca\",\"@id\":\"https:\\\/\\\/www.biovertix.com\\\/#\\\/schema\\\/logo\\\/image\\\/\",\"url\":\"https:\\\/\\\/www.biovertix.com\\\/wp-content\\\/uploads\\\/2021\\\/07\\\/biovertix-retina.png\",\"contentUrl\":\"https:\\\/\\\/www.biovertix.com\\\/wp-content\\\/uploads\\\/2021\\\/07\\\/biovertix-retina.png\",\"width\":364,\"height\":170,\"caption\":\"Biovertix - Centro de salud integral.\"},\"image\":{\"@id\":\"https:\\\/\\\/www.biovertix.com\\\/#\\\/schema\\\/logo\\\/image\\\/\"},\"sameAs\":[\"https:\\\/\\\/www.facebook.com\\\/doctoraolaru\"]}]}<\/script>\n<!-- \/ Yoast SEO plugin. -->","yoast_head_json":{"title":"Pol\u00edtica de privacitat - Biovertix - Centro de salud integral.","robots":{"index":"index","follow":"follow","max-snippet":"max-snippet:-1","max-image-preview":"max-image-preview:large","max-video-preview":"max-video-preview:-1"},"canonical":"https:\/\/www.biovertix.com\/ca\/politica-de-privacitat\/","og_locale":"ca_ES","og_type":"article","og_title":"Pol\u00edtica de privacitat - Biovertix - Centro de salud integral.","og_description":"INTRODUCCI\u00d3 La seva privadesa \u00e9s important per a nosaltres, aix\u00ed que mitjan\u00e7ant aquest document us expliquem quines dades recopilem dels usuaris, com les utilitzem i per a qu\u00e8, entre altres indicacions. Per a la vostra informaci\u00f3, mai sol\u00b7licitarem m\u00e9s informaci\u00f3 de la que realment necessitarem per als serveis requerits; mai no la compartirem amb tercers,&hellip;","og_url":"https:\/\/www.biovertix.com\/ca\/politica-de-privacitat\/","og_site_name":"Biovertix - Centro de salud integral.","article_publisher":"https:\/\/www.facebook.com\/doctoraolaru","article_modified_time":"2024-08-19T11:44:49+00:00","twitter_card":"summary_large_image","twitter_misc":{"Temps estimat de lectura":"10 minuts"},"schema":{"@context":"https:\/\/schema.org","@graph":[{"@type":"WebPage","@id":"https:\/\/www.biovertix.com\/ca\/politica-de-privacitat\/","url":"https:\/\/www.biovertix.com\/ca\/politica-de-privacitat\/","name":"Pol\u00edtica de privacitat - Biovertix - Centro de salud integral.","isPartOf":{"@id":"https:\/\/www.biovertix.com\/#website"},"datePublished":"2022-09-30T10:50:38+00:00","dateModified":"2024-08-19T11:44:49+00:00","breadcrumb":{"@id":"https:\/\/www.biovertix.com\/ca\/politica-de-privacitat\/#breadcrumb"},"inLanguage":"ca","potentialAction":[{"@type":"ReadAction","target":["https:\/\/www.biovertix.com\/ca\/politica-de-privacitat\/"]}]},{"@type":"BreadcrumbList","@id":"https:\/\/www.biovertix.com\/ca\/politica-de-privacitat\/#breadcrumb","itemListElement":[{"@type":"ListItem","position":1,"name":"Portada","item":"https:\/\/www.biovertix.com\/ca\/inicio\/"},{"@type":"ListItem","position":2,"name":"Pol\u00edtica de privacitat"}]},{"@type":"WebSite","@id":"https:\/\/www.biovertix.com\/#website","url":"https:\/\/www.biovertix.com\/","name":"Biovertix - Centro de salud integral.","description":"Salud integrativa y quiropr\u00e1ctica en Barcelona","publisher":{"@id":"https:\/\/www.biovertix.com\/#organization"},"potentialAction":[{"@type":"SearchAction","target":{"@type":"EntryPoint","urlTemplate":"https:\/\/www.biovertix.com\/?s={search_term_string}"},"query-input":{"@type":"PropertyValueSpecification","valueRequired":true,"valueName":"search_term_string"}}],"inLanguage":"ca"},{"@type":"Organization","@id":"https:\/\/www.biovertix.com\/#organization","name":"Biovertix - Centro de salud integral.","url":"https:\/\/www.biovertix.com\/","logo":{"@type":"ImageObject","inLanguage":"ca","@id":"https:\/\/www.biovertix.com\/#\/schema\/logo\/image\/","url":"https:\/\/www.biovertix.com\/wp-content\/uploads\/2021\/07\/biovertix-retina.png","contentUrl":"https:\/\/www.biovertix.com\/wp-content\/uploads\/2021\/07\/biovertix-retina.png","width":364,"height":170,"caption":"Biovertix - Centro de salud integral."},"image":{"@id":"https:\/\/www.biovertix.com\/#\/schema\/logo\/image\/"},"sameAs":["https:\/\/www.facebook.com\/doctoraolaru"]}]}},"_links":{"self":[{"href":"https:\/\/www.biovertix.com\/ca\/wp-json\/wp\/v2\/pages\/5340","targetHints":{"allow":["GET"]}}],"collection":[{"href":"https:\/\/www.biovertix.com\/ca\/wp-json\/wp\/v2\/pages"}],"about":[{"href":"https:\/\/www.biovertix.com\/ca\/wp-json\/wp\/v2\/types\/page"}],"author":[{"embeddable":true,"href":"https:\/\/www.biovertix.com\/ca\/wp-json\/wp\/v2\/users\/1"}],"replies":[{"embeddable":true,"href":"https:\/\/www.biovertix.com\/ca\/wp-json\/wp\/v2\/comments?post=5340"}],"version-history":[{"count":5,"href":"https:\/\/www.biovertix.com\/ca\/wp-json\/wp\/v2\/pages\/5340\/revisions"}],"predecessor-version":[{"id":10247,"href":"https:\/\/www.biovertix.com\/ca\/wp-json\/wp\/v2\/pages\/5340\/revisions\/10247"}],"wp:attachment":[{"href":"https:\/\/www.biovertix.com\/ca\/wp-json\/wp\/v2\/media?parent=5340"}],"curies":[{"name":"wp","href":"https:\/\/api.w.org\/{rel}","templated":true}]}}