{"id":1685,"date":"2021-09-18T16:02:08","date_gmt":"2021-09-18T16:02:08","guid":{"rendered":"https:\/\/www.biovertix.com\/?page_id=1685"},"modified":"2023-09-27T13:27:59","modified_gmt":"2023-09-27T13:27:59","slug":"reumatologia","status":"publish","type":"page","link":"https:\/\/www.biovertix.com\/ca\/metode-terapeutic\/reumatologia\/","title":{"rendered":"Reumatologia"},"content":{"rendered":"<div class=\"wpb-content-wrapper\"><p>[vc_row full_width=&#8221;stretch_row&#8221; css=&#8221;.vc_custom_1631975458675{padding-top: 60px !important;padding-bottom: 60px !important;}&#8221;][vc_column width=&#8221;2\/3&#8243;][vc_column_text]\u00c9s l&#8217;especialitat m\u00e8dica que s&#8217;encarrega de prevenir, diagnosticar i tractar malalties musculoesquel\u00e8tiques i autoimmunes sist\u00e8miques.<\/p>\n<p>Les malalties musculoesquel\u00e8tiques afecten ossos, m\u00fasculs i articulacions, aix\u00ed com els teixits que els envolten, podent produir dolor, inflamaci\u00f3, rigidesa, limitaci\u00f3 de moviment i deformitat. D&#8217;altra banda, les malalties autoimmunes sist\u00e8miques, com el lupus, la s\u00edndrome de Sj\u00f6gren, l&#8217;esclerod\u00e8rmia o la dermatomiosotis, poden afectar qualsevol \u00f2rgan del cos, com els ronyons, el pulm\u00f3, la pell, el cor o el cervell.<\/p>\n<p>Reumatologia, F. I. de. (s. f.). Qu\u00e8 \u00e9s la Reumatologia &#8211; Inforeuma. Recuperat 16 de setembre de 2021, de <a href=\"https:\/\/inforeuma.com\/qui-somos\/que-es-la-reumatologia\" target=\"_blank\" rel=\"noopener\">https:\/\/inforeuma.com\/qui-somos\/que-es-la-reumatologia<\/a><\/p>\n<p>Es tracta d&#8217;una de les especialitats que m\u00e9s aven\u00e7os en diagn\u00f2stic i tractament ha experimentat en els darrers anys.[\/vc_column_text][vc_empty_space]<style type=\"text\/css\" data-type=\"the7_shortcodes-inline-css\">#default-btn-74fe94fcffdf5abda44a7765324194ef.ico-right-side > i {\n  margin-right: 0px;\n  margin-left: 8px;\n}\n#default-btn-74fe94fcffdf5abda44a7765324194ef > i {\n  margin-right: 8px;\n}<\/style><a href=\"\/wp-content\/uploads\/2021\/09\/texto-informativo-drmundo.pdf\" class=\"default-btn-shortcode dt-btn dt-btn-l link-hover-off btn-inline-left \" target=\"_blank\" id=\"default-btn-74fe94fcffdf5abda44a7765324194ef\" rel=\"noopener\"><span>A Biovertix utilitzem tractaments de Ozonoter\u00e0pia; Ter\u00e0pia Neural i Factors de Plasma<\/span><\/a>[\/vc_column][vc_column width=&#8221;1\/3&#8243; css=&#8221;.vc_custom_1631975071486{padding-top: 30px !important;padding-right: 30px !important;padding-bottom: 30px !important;padding-left: 30px !important;background-color: #edeaf1 !important;}&#8221;]<style type=\"text\/css\" data-type=\"the7_shortcodes-inline-css\">.dt-team-shortcode.team-masonry-shortcode-id-6a3dc3cd7f8b711d1fcbf97b77e37d2c .team-desc {\n  padding: 20px 20px 20px 20px;\n}\n.dt-team-shortcode.team-masonry-shortcode-id-6a3dc3cd7f8b711d1fcbf97b77e37d2c .team-author-name,\n.dt-team-shortcode.team-masonry-shortcode-id-6a3dc3cd7f8b711d1fcbf97b77e37d2c .team-author-name a {\n  margin-bottom: 0px;\n  font-weight: bold;\n}\n.dt-team-shortcode.team-masonry-shortcode-id-6a3dc3cd7f8b711d1fcbf97b77e37d2c .team-author p {\n  margin-bottom: 10px;\n  font-weight: bold;\n}\n.dt-team-shortcode.team-masonry-shortcode-id-6a3dc3cd7f8b711d1fcbf97b77e37d2c  .team-media {\n  padding: 0px 0px 0px 0px;\n}\n.dt-team-shortcode.team-masonry-shortcode-id-6a3dc3cd7f8b711d1fcbf97b77e37d2c .dt-css-grid .team-media img {\n  max-width: 100%;\n}\n.dt-team-shortcode.team-masonry-shortcode-id-6a3dc3cd7f8b711d1fcbf97b77e37d2c .team-content {\n  margin-bottom: 5px;\n}\n.dt-team-shortcode.team-masonry-shortcode-id-6a3dc3cd7f8b711d1fcbf97b77e37d2c  .team-media,\n.dt-team-shortcode.team-masonry-shortcode-id-6a3dc3cd7f8b711d1fcbf97b77e37d2c  .team-media a.rollover,\n.dt-team-shortcode.team-masonry-shortcode-id-6a3dc3cd7f8b711d1fcbf97b77e37d2c  .team-media a.rollover *,\n.dt-team-shortcode.team-masonry-shortcode-id-6a3dc3cd7f8b711d1fcbf97b77e37d2c  .team-media img {\n  border-radius: 0px;\n}\n.dt-team-shortcode.team-masonry-shortcode-id-6a3dc3cd7f8b711d1fcbf97b77e37d2c .soc-ico {\n  margin-bottom: 15px;\n}\n.dt-team-shortcode.team-masonry-shortcode-id-6a3dc3cd7f8b711d1fcbf97b77e37d2c .soc-ico a {\n  min-width: 26px;\n  min-height: 26px;\n  font-size: 16px;\n  border-radius: 100px;\n}\n.dt-team-shortcode.team-masonry-shortcode-id-6a3dc3cd7f8b711d1fcbf97b77e37d2c .soc-ico a:not(:last-child) {\n  margin-right: 4px;\n}\n.dt-team-shortcode.team-masonry-shortcode-id-6a3dc3cd7f8b711d1fcbf97b77e37d2c .soc-ico a:before,\n.dt-team-shortcode.team-masonry-shortcode-id-6a3dc3cd7f8b711d1fcbf97b77e37d2c .soc-ico a:after {\n  min-width: 26px;\n  min-height: 26px;\n  padding: inherit;\n}\n.dt-icon-border-on.dt-team-shortcode.team-masonry-shortcode-id-6a3dc3cd7f8b711d1fcbf97b77e37d2c .soc-ico a:before {\n  border: 0px solid transparent;\n}\n.dt-team-shortcode.team-masonry-shortcode-id-6a3dc3cd7f8b711d1fcbf97b77e37d2c .soc-ico a:hover {\n  font-size: 16px;\n}\n#page .dt-team-shortcode.team-masonry-shortcode-id-6a3dc3cd7f8b711d1fcbf97b77e37d2c .soc-ico a:hover .soc-font-icon {\n  color: rgba(255,255,255,0.75);\n  background: none;\n}\n.dt-icon-border-hover-on.dt-team-shortcode.team-masonry-shortcode-id-6a3dc3cd7f8b711d1fcbf97b77e37d2c .soc-ico a:after {\n  border: 0px solid transparent;\n}\n#page .dt-team-shortcode.team-masonry-shortcode-id-6a3dc3cd7f8b711d1fcbf97b77e37d2c .soc-ico a:not(:hover) .soc-font-icon {\n  color: #ffffff;\n  background: none;\n}\n.dt-team-shortcode.team-masonry-shortcode-id-6a3dc3cd7f8b711d1fcbf97b77e37d2c .soc-ico a .soc-font-icon {\n  font-size: 16px;\n}\n.dt-team-shortcode.team-masonry-shortcode-id-6a3dc3cd7f8b711d1fcbf97b77e37d2c .filter-bg-decoration .filter-categories a.act {\n  color: #fff;\n}\n.dt-team-shortcode.team-masonry-shortcode-id-6a3dc3cd7f8b711d1fcbf97b77e37d2c:not(.resize-by-browser-width) .dt-css-grid {\n  grid-row-gap: 0px;\n  grid-column-gap: 0px;\n  grid-template-columns: repeat(auto-fill,minmax(,1fr));\n}\n.cssgridlegacy.no-cssgrid .dt-team-shortcode.team-masonry-shortcode-id-6a3dc3cd7f8b711d1fcbf97b77e37d2c:not(.resize-by-browser-width) .dt-css-grid,\n.no-cssgridlegacy.no-cssgrid .dt-team-shortcode.team-masonry-shortcode-id-6a3dc3cd7f8b711d1fcbf97b77e37d2c:not(.resize-by-browser-width) .dt-css-grid {\n  display: flex;\n  flex-flow: row wrap;\n  margin: 0px;\n}\n.cssgridlegacy.no-cssgrid .dt-team-shortcode.team-masonry-shortcode-id-6a3dc3cd7f8b711d1fcbf97b77e37d2c:not(.resize-by-browser-width) .dt-css-grid .wf-cell,\n.no-cssgridlegacy.no-cssgrid .dt-team-shortcode.team-masonry-shortcode-id-6a3dc3cd7f8b711d1fcbf97b77e37d2c:not(.resize-by-browser-width) .dt-css-grid .wf-cell {\n  flex: 1 0 ;\n  max-width: 100%;\n  padding: 0px;\n  box-sizing: border-box;\n}\n.dt-team-shortcode.team-masonry-shortcode-id-6a3dc3cd7f8b711d1fcbf97b77e37d2c.resize-by-browser-width .dt-css-grid {\n  grid-template-columns: repeat(1,1fr);\n  grid-template-rows: auto;\n  grid-column-gap: 0px;\n  grid-row-gap: 0px;\n}\n.cssgridlegacy.no-cssgrid .dt-team-shortcode.team-masonry-shortcode-id-6a3dc3cd7f8b711d1fcbf97b77e37d2c.resize-by-browser-width .dt-css-grid,\n.no-cssgridlegacy.no-cssgrid .dt-team-shortcode.team-masonry-shortcode-id-6a3dc3cd7f8b711d1fcbf97b77e37d2c.resize-by-browser-width .dt-css-grid {\n  margin: 0px;\n}\n.cssgridlegacy.no-cssgrid .dt-team-shortcode.team-masonry-shortcode-id-6a3dc3cd7f8b711d1fcbf97b77e37d2c.resize-by-browser-width .dt-css-grid .wf-cell,\n.no-cssgridlegacy.no-cssgrid .dt-team-shortcode.team-masonry-shortcode-id-6a3dc3cd7f8b711d1fcbf97b77e37d2c.resize-by-browser-width .dt-css-grid .wf-cell {\n  width: 100%;\n  padding: 0px;\n}\n@media screen and (max-width: 1199px) {\n  .dt-team-shortcode.team-masonry-shortcode-id-6a3dc3cd7f8b711d1fcbf97b77e37d2c.resize-by-browser-width .dt-css-grid {\n    grid-template-columns: repeat(1,1fr);\n  }\n  .cssgridlegacy.no-cssgrid .dt-team-shortcode.team-masonry-shortcode-id-6a3dc3cd7f8b711d1fcbf97b77e37d2c.resize-by-browser-width .dt-css-grid .wf-cell,\n  .no-cssgridlegacy.no-cssgrid .dt-team-shortcode.team-masonry-shortcode-id-6a3dc3cd7f8b711d1fcbf97b77e37d2c.resize-by-browser-width .dt-css-grid .wf-cell {\n    width: 100%;\n  }\n}\n@media screen and (max-width: 991px) {\n  .dt-team-shortcode.team-masonry-shortcode-id-6a3dc3cd7f8b711d1fcbf97b77e37d2c.resize-by-browser-width .dt-css-grid {\n    grid-template-columns: repeat(1,1fr);\n  }\n  .cssgridlegacy.no-cssgrid .dt-team-shortcode.team-masonry-shortcode-id-6a3dc3cd7f8b711d1fcbf97b77e37d2c.resize-by-browser-width .dt-css-grid .wf-cell,\n  .no-cssgridlegacy.no-cssgrid .dt-team-shortcode.team-masonry-shortcode-id-6a3dc3cd7f8b711d1fcbf97b77e37d2c.resize-by-browser-width .dt-css-grid .wf-cell {\n    width: 100%;\n  }\n}\n@media screen and (max-width: 767px) {\n  .dt-team-shortcode.team-masonry-shortcode-id-6a3dc3cd7f8b711d1fcbf97b77e37d2c.resize-by-browser-width .dt-css-grid {\n    grid-template-columns: repeat(1,1fr);\n  }\n  .cssgridlegacy.no-cssgrid .dt-team-shortcode.team-masonry-shortcode-id-6a3dc3cd7f8b711d1fcbf97b77e37d2c.resize-by-browser-width .dt-css-grid .wf-cell,\n  .no-cssgridlegacy.no-cssgrid .dt-team-shortcode.team-masonry-shortcode-id-6a3dc3cd7f8b711d1fcbf97b77e37d2c.resize-by-browser-width .dt-css-grid .wf-cell {\n    width: 100%;\n  }\n}<\/style><div class=\"dt-team-masonry-shortcode dt-team-shortcode team-masonry-shortcode-id-6a3dc3cd7f8b711d1fcbf97b77e37d2c loading-effect-none mode-grid jquery-filter content-align-center content-bg-on dt-css-grid-wrap scale-img dt-css-grid-wrap dt-icon-bg-on dt-icon-border-on dt-icon-hover-bg-on dt-icon-border-hover-on move-icons-under-position resize-by-browser-width  \" data-padding=\"0px\" data-cur-page=\"1\" data-post-limit=\"-1\" data-pagination-mode=\"none\" data-desktop-columns-num=\"1\" data-v-tablet-columns-num=\"1\" data-h-tablet-columns-num=\"1\" data-phone-columns-num=\"1\" data-width=\"0px\" data-columns=\"0\"><div class=\"dt-css-grid\" ><div class=\"visible wf-cell\" data-post-id=\"953\" data-date=\"2021-07-22T12:58:37+00:00\" data-name=\"Dr. Juan Mundo\"><div class=\"team-container visible post post-953 dt_team type-dt_team status-publish has-post-thumbnail hentry dt_team_category-equip dt_team_category-37 description-off\"><div class=\"team-media\"><a href=\"https:\/\/www.biovertix.com\/ca\/equip\/dr-juan-mundo\/\" class=\"rollover layzr-bg\"><img fetchpriority=\"high\" decoding=\"async\" class=\"preload-me iso-lazy-load aspect\" src=\"data:image\/svg+xml,%3Csvg%20xmlns%3D&#39;http%3A%2F%2Fwww.w3.org%2F2000%2Fsvg&#39;%20viewBox%3D&#39;0%200%20768%20768&#39;%2F%3E\" data-src=\"https:\/\/www.biovertix.com\/wp-content\/uploads\/2016\/06\/equip_12-768x768.jpg\" data-srcset=\"https:\/\/www.biovertix.com\/wp-content\/uploads\/2016\/06\/equip_12-768x768.jpg 768w\" loading=\"eager\" style=\"--ratio: 768 \/ 768\" sizes=\"(max-width: 768px) 100vw, 768px\" width=\"768\" height=\"768\"  title=\"equip_12\" alt=\"\" \/><\/a><\/div><div class=\"team-desc\"><div class=\"team-author\"><div class=\"team-author-name\"><a href=\"https:\/\/www.biovertix.com\/ca\/equip\/dr-juan-mundo\/\">Dr. Juan Mundo<\/a><\/div><p>Especialista en Reumatologia<\/p><\/div><div class=\"team-content\"><\/div>\n<a href=\"https:\/\/www.biovertix.com\/ca\/equip\/dr-juan-mundo\/\" class=\"post-details details-type-link\" aria-label=\"Read more about Dr. Juan Mundo\">M\u00e9s informaci\u00f3<i class=\"dt-icon-the7-arrow-03\" aria-hidden=\"true\"><\/i><\/a>\n<\/div><\/div><\/div><\/div><!-- iso-container|iso-grid --><\/div>[vc_empty_space]<div class=\"image-arrow list-divider bullet-top\"><p><strong>Llicenciat en Medicina i Cirurgia per la Universitat de Barcelona (1996-2002). <\/strong><\/p>\n<p><strong>Col\u00b7legiat n\u00fam. 37750<\/strong><\/p>\n<ul>\n<li>Especialista en Reumatologia. Resid\u00e8ncia a l&#8217;Hospital Cl\u00ednic de Barcelona (2003-2007)<\/li>\n<li>Postgrau en ter\u00e0pia neural i odontologia neurofocal. Universitat de Barcelona (2006-2007)<\/li>\n<li>M\u00e0ster en Bases i procediments aplicats al pacient cr\u00edtic i emerg\u00e8ncies. Universitat de Barcelona (2005-2007)<\/li>\n<\/ul>\n<\/div>[\/vc_column][\/vc_row]<\/p>\n<\/div>","protected":false},"excerpt":{"rendered":"<p>[vc_row full_width=&#8221;stretch_row&#8221; css=&#8221;.vc_custom_1631975458675{padding-top: 60px !important;padding-bottom: 60px !important;}&#8221;][vc_column width=&#8221;2\/3&#8243;][vc_column_text]\u00c9s l&#8217;especialitat m\u00e8dica que s&#8217;encarrega de prevenir, diagnosticar i tractar malalties musculoesquel\u00e8tiques i autoimmunes sist\u00e8miques. Les malalties musculoesquel\u00e8tiques afecten ossos, m\u00fasculs i articulacions, aix\u00ed com els teixits que els envolten, podent produir dolor, inflamaci\u00f3, rigidesa, limitaci\u00f3 de moviment i deformitat. D&#8217;altra banda, les malalties autoimmunes sist\u00e8miques, com el&hellip;<\/p>\n","protected":false},"author":1,"featured_media":0,"parent":1051,"menu_order":3,"comment_status":"closed","ping_status":"closed","template":"","meta":{"footnotes":""},"class_list":["post-1685","page","type-page","status-publish","hentry","description-off"],"yoast_head":"<!-- This site is optimized with the Yoast SEO plugin v27.4 - https:\/\/yoast.com\/product\/yoast-seo-wordpress\/ -->\n<title>Reumatologia - Biovertix - Centro de salud integral.<\/title>\n<meta name=\"robots\" content=\"index, follow, max-snippet:-1, max-image-preview:large, max-video-preview:-1\" \/>\n<link rel=\"canonical\" href=\"https:\/\/www.biovertix.com\/ca\/metode-terapeutic\/reumatologia\/\" \/>\n<meta property=\"og:locale\" content=\"ca_ES\" \/>\n<meta property=\"og:type\" content=\"article\" \/>\n<meta property=\"og:title\" content=\"Reumatologia - Biovertix - Centro de salud integral.\" \/>\n<meta property=\"og:description\" content=\"[vc_row full_width=&#8221;stretch_row&#8221; css=&#8221;.vc_custom_1631975458675{padding-top: 60px !important;padding-bottom: 60px !important;}&#8221;][vc_column width=&#8221;2\/3&#8243;][vc_column_text]\u00c9s l&#8217;especialitat m\u00e8dica que s&#8217;encarrega de prevenir, diagnosticar i tractar malalties musculoesquel\u00e8tiques i autoimmunes sist\u00e8miques. Les malalties musculoesquel\u00e8tiques afecten ossos, m\u00fasculs i articulacions, aix\u00ed com els teixits que els envolten, podent produir dolor, inflamaci\u00f3, rigidesa, limitaci\u00f3 de moviment i deformitat. D&#8217;altra banda, les malalties autoimmunes sist\u00e8miques, com el&hellip;\" \/>\n<meta property=\"og:url\" content=\"https:\/\/www.biovertix.com\/ca\/metode-terapeutic\/reumatologia\/\" \/>\n<meta property=\"og:site_name\" content=\"Biovertix - Centro de salud integral.\" \/>\n<meta property=\"article:publisher\" content=\"https:\/\/www.facebook.com\/doctoraolaru\" \/>\n<meta property=\"article:modified_time\" content=\"2023-09-27T13:27:59+00:00\" \/>\n<meta name=\"twitter:card\" content=\"summary_large_image\" \/>\n<meta name=\"twitter:label1\" content=\"Temps estimat de lectura\" \/>\n\t<meta name=\"twitter:data1\" content=\"2 minuts\" \/>\n<script type=\"application\/ld+json\" class=\"yoast-schema-graph\">{\"@context\":\"https:\\\/\\\/schema.org\",\"@graph\":[{\"@type\":\"WebPage\",\"@id\":\"https:\\\/\\\/www.biovertix.com\\\/ca\\\/metode-terapeutic\\\/reumatologia\\\/\",\"url\":\"https:\\\/\\\/www.biovertix.com\\\/ca\\\/metode-terapeutic\\\/reumatologia\\\/\",\"name\":\"Reumatologia - Biovertix - Centro de salud integral.\",\"isPartOf\":{\"@id\":\"https:\\\/\\\/www.biovertix.com\\\/#website\"},\"datePublished\":\"2021-09-18T16:02:08+00:00\",\"dateModified\":\"2023-09-27T13:27:59+00:00\",\"breadcrumb\":{\"@id\":\"https:\\\/\\\/www.biovertix.com\\\/ca\\\/metode-terapeutic\\\/reumatologia\\\/#breadcrumb\"},\"inLanguage\":\"ca\",\"potentialAction\":[{\"@type\":\"ReadAction\",\"target\":[\"https:\\\/\\\/www.biovertix.com\\\/ca\\\/metode-terapeutic\\\/reumatologia\\\/\"]}]},{\"@type\":\"BreadcrumbList\",\"@id\":\"https:\\\/\\\/www.biovertix.com\\\/ca\\\/metode-terapeutic\\\/reumatologia\\\/#breadcrumb\",\"itemListElement\":[{\"@type\":\"ListItem\",\"position\":1,\"name\":\"Portada\",\"item\":\"https:\\\/\\\/www.biovertix.com\\\/ca\\\/inicio\\\/\"},{\"@type\":\"ListItem\",\"position\":2,\"name\":\"Ter\u00e0pies\",\"item\":\"https:\\\/\\\/www.biovertix.com\\\/ca\\\/metode-terapeutic\\\/\"},{\"@type\":\"ListItem\",\"position\":3,\"name\":\"Reumatologia\"}]},{\"@type\":\"WebSite\",\"@id\":\"https:\\\/\\\/www.biovertix.com\\\/#website\",\"url\":\"https:\\\/\\\/www.biovertix.com\\\/\",\"name\":\"Biovertix - Centro de salud integral.\",\"description\":\"Salud integrativa y quiropr\u00e1ctica en Barcelona\",\"publisher\":{\"@id\":\"https:\\\/\\\/www.biovertix.com\\\/#organization\"},\"potentialAction\":[{\"@type\":\"SearchAction\",\"target\":{\"@type\":\"EntryPoint\",\"urlTemplate\":\"https:\\\/\\\/www.biovertix.com\\\/?s={search_term_string}\"},\"query-input\":{\"@type\":\"PropertyValueSpecification\",\"valueRequired\":true,\"valueName\":\"search_term_string\"}}],\"inLanguage\":\"ca\"},{\"@type\":\"Organization\",\"@id\":\"https:\\\/\\\/www.biovertix.com\\\/#organization\",\"name\":\"Biovertix - Centro de salud integral.\",\"url\":\"https:\\\/\\\/www.biovertix.com\\\/\",\"logo\":{\"@type\":\"ImageObject\",\"inLanguage\":\"ca\",\"@id\":\"https:\\\/\\\/www.biovertix.com\\\/#\\\/schema\\\/logo\\\/image\\\/\",\"url\":\"https:\\\/\\\/www.biovertix.com\\\/wp-content\\\/uploads\\\/2021\\\/07\\\/biovertix-retina.png\",\"contentUrl\":\"https:\\\/\\\/www.biovertix.com\\\/wp-content\\\/uploads\\\/2021\\\/07\\\/biovertix-retina.png\",\"width\":364,\"height\":170,\"caption\":\"Biovertix - Centro de salud integral.\"},\"image\":{\"@id\":\"https:\\\/\\\/www.biovertix.com\\\/#\\\/schema\\\/logo\\\/image\\\/\"},\"sameAs\":[\"https:\\\/\\\/www.facebook.com\\\/doctoraolaru\"]}]}<\/script>\n<!-- \/ Yoast SEO plugin. -->","yoast_head_json":{"title":"Reumatologia - Biovertix - Centro de salud integral.","robots":{"index":"index","follow":"follow","max-snippet":"max-snippet:-1","max-image-preview":"max-image-preview:large","max-video-preview":"max-video-preview:-1"},"canonical":"https:\/\/www.biovertix.com\/ca\/metode-terapeutic\/reumatologia\/","og_locale":"ca_ES","og_type":"article","og_title":"Reumatologia - Biovertix - Centro de salud integral.","og_description":"[vc_row full_width=&#8221;stretch_row&#8221; css=&#8221;.vc_custom_1631975458675{padding-top: 60px !important;padding-bottom: 60px !important;}&#8221;][vc_column width=&#8221;2\/3&#8243;][vc_column_text]\u00c9s l&#8217;especialitat m\u00e8dica que s&#8217;encarrega de prevenir, diagnosticar i tractar malalties musculoesquel\u00e8tiques i autoimmunes sist\u00e8miques. Les malalties musculoesquel\u00e8tiques afecten ossos, m\u00fasculs i articulacions, aix\u00ed com els teixits que els envolten, podent produir dolor, inflamaci\u00f3, rigidesa, limitaci\u00f3 de moviment i deformitat. D&#8217;altra banda, les malalties autoimmunes sist\u00e8miques, com el&hellip;","og_url":"https:\/\/www.biovertix.com\/ca\/metode-terapeutic\/reumatologia\/","og_site_name":"Biovertix - Centro de salud integral.","article_publisher":"https:\/\/www.facebook.com\/doctoraolaru","article_modified_time":"2023-09-27T13:27:59+00:00","twitter_card":"summary_large_image","twitter_misc":{"Temps estimat de lectura":"2 minuts"},"schema":{"@context":"https:\/\/schema.org","@graph":[{"@type":"WebPage","@id":"https:\/\/www.biovertix.com\/ca\/metode-terapeutic\/reumatologia\/","url":"https:\/\/www.biovertix.com\/ca\/metode-terapeutic\/reumatologia\/","name":"Reumatologia - Biovertix - Centro de salud integral.","isPartOf":{"@id":"https:\/\/www.biovertix.com\/#website"},"datePublished":"2021-09-18T16:02:08+00:00","dateModified":"2023-09-27T13:27:59+00:00","breadcrumb":{"@id":"https:\/\/www.biovertix.com\/ca\/metode-terapeutic\/reumatologia\/#breadcrumb"},"inLanguage":"ca","potentialAction":[{"@type":"ReadAction","target":["https:\/\/www.biovertix.com\/ca\/metode-terapeutic\/reumatologia\/"]}]},{"@type":"BreadcrumbList","@id":"https:\/\/www.biovertix.com\/ca\/metode-terapeutic\/reumatologia\/#breadcrumb","itemListElement":[{"@type":"ListItem","position":1,"name":"Portada","item":"https:\/\/www.biovertix.com\/ca\/inicio\/"},{"@type":"ListItem","position":2,"name":"Ter\u00e0pies","item":"https:\/\/www.biovertix.com\/ca\/metode-terapeutic\/"},{"@type":"ListItem","position":3,"name":"Reumatologia"}]},{"@type":"WebSite","@id":"https:\/\/www.biovertix.com\/#website","url":"https:\/\/www.biovertix.com\/","name":"Biovertix - Centro de salud integral.","description":"Salud integrativa y quiropr\u00e1ctica en Barcelona","publisher":{"@id":"https:\/\/www.biovertix.com\/#organization"},"potentialAction":[{"@type":"SearchAction","target":{"@type":"EntryPoint","urlTemplate":"https:\/\/www.biovertix.com\/?s={search_term_string}"},"query-input":{"@type":"PropertyValueSpecification","valueRequired":true,"valueName":"search_term_string"}}],"inLanguage":"ca"},{"@type":"Organization","@id":"https:\/\/www.biovertix.com\/#organization","name":"Biovertix - Centro de salud integral.","url":"https:\/\/www.biovertix.com\/","logo":{"@type":"ImageObject","inLanguage":"ca","@id":"https:\/\/www.biovertix.com\/#\/schema\/logo\/image\/","url":"https:\/\/www.biovertix.com\/wp-content\/uploads\/2021\/07\/biovertix-retina.png","contentUrl":"https:\/\/www.biovertix.com\/wp-content\/uploads\/2021\/07\/biovertix-retina.png","width":364,"height":170,"caption":"Biovertix - Centro de salud integral."},"image":{"@id":"https:\/\/www.biovertix.com\/#\/schema\/logo\/image\/"},"sameAs":["https:\/\/www.facebook.com\/doctoraolaru"]}]}},"_links":{"self":[{"href":"https:\/\/www.biovertix.com\/ca\/wp-json\/wp\/v2\/pages\/1685","targetHints":{"allow":["GET"]}}],"collection":[{"href":"https:\/\/www.biovertix.com\/ca\/wp-json\/wp\/v2\/pages"}],"about":[{"href":"https:\/\/www.biovertix.com\/ca\/wp-json\/wp\/v2\/types\/page"}],"author":[{"embeddable":true,"href":"https:\/\/www.biovertix.com\/ca\/wp-json\/wp\/v2\/users\/1"}],"replies":[{"embeddable":true,"href":"https:\/\/www.biovertix.com\/ca\/wp-json\/wp\/v2\/comments?post=1685"}],"version-history":[{"count":7,"href":"https:\/\/www.biovertix.com\/ca\/wp-json\/wp\/v2\/pages\/1685\/revisions"}],"predecessor-version":[{"id":1841,"href":"https:\/\/www.biovertix.com\/ca\/wp-json\/wp\/v2\/pages\/1685\/revisions\/1841"}],"up":[{"embeddable":true,"href":"https:\/\/www.biovertix.com\/ca\/wp-json\/wp\/v2\/pages\/1051"}],"wp:attachment":[{"href":"https:\/\/www.biovertix.com\/ca\/wp-json\/wp\/v2\/media?parent=1685"}],"curies":[{"name":"wp","href":"https:\/\/api.w.org\/{rel}","templated":true}]}}