{"id":1039,"date":"2021-07-27T14:02:18","date_gmt":"2021-07-27T14:02:18","guid":{"rendered":"https:\/\/www.biovertix.com\/nuestro-procedimiento\/"},"modified":"2021-09-06T11:15:58","modified_gmt":"2021-09-06T11:15:58","slug":"el-nostre-procediment","status":"publish","type":"page","link":"https:\/\/www.biovertix.com\/ca\/el-nostre-procediment\/","title":{"rendered":"El nostre procediment"},"content":{"rendered":"<div class=\"wpb-content-wrapper\"><p>[vc_row type=&#8221;vc_default&#8221; css=&#8221;.vc_custom_1474212123263{padding-bottom: 40px !important;}&#8221;][vc_column css=&#8221;.vc_custom_1467303303610{padding-bottom: 20px !important;}&#8221;][vc_column_text]Tal com suggereix el nostre Logo \u2018Biovertix\u2019 o V\u00e9rtex de la Vida, la salut est\u00e0 per sobre de tot. \u00c9s el primer valor en l&#8217;escala de valors de totes les persones intel\u00b7ligents.<br \/>\nLa salut \u00e9s molt m\u00e9s que l&#8217;aus\u00e8ncia de dolor, la salut significa energia vital, benestar f\u00edsic i emocional.<\/p>\n<p>Aix\u00ed que, cuidar la seva salut ara val molt m\u00e9s que tractar enfermetats futures. Els ajustos quiropr\u00e0ctics complementats amb tractaments fisioterap\u00e8utics, exercicis d&#8217;higiene postural di\u00e0ria, una adequada nutrici\u00f3 i hidrataci\u00f3, m\u00e9s una actitud positiva, s\u00f3n la millor manera d&#8217;augmentar les defenses i assegurar una m\u00e0xima qualitat de vida.[\/vc_column_text][\/vc_column][\/vc_row]<\/p>\n<\/div>","protected":false},"excerpt":{"rendered":"<p>[vc_row type=&#8221;vc_default&#8221; css=&#8221;.vc_custom_1474212123263{padding-bottom: 40px !important;}&#8221;][vc_column css=&#8221;.vc_custom_1467303303610{padding-bottom: 20px !important;}&#8221;][vc_column_text]Tal com suggereix el nostre Logo \u2018Biovertix\u2019 o V\u00e9rtex de la Vida, la salut est\u00e0 per sobre de tot. \u00c9s el primer valor en l&#8217;escala de valors de totes les persones intel\u00b7ligents. La salut \u00e9s molt m\u00e9s que l&#8217;aus\u00e8ncia de dolor, la salut significa energia vital, benestar f\u00edsic&hellip;<\/p>\n","protected":false},"author":1,"featured_media":0,"parent":0,"menu_order":1,"comment_status":"closed","ping_status":"closed","template":"","meta":{"footnotes":""},"class_list":["post-1039","page","type-page","status-publish","hentry","description-off"],"yoast_head":"<!-- This site is optimized with the Yoast SEO plugin v27.3 - https:\/\/yoast.com\/product\/yoast-seo-wordpress\/ -->\n<title>El nostre procediment - Biovertix - Centro de salud integral.<\/title>\n<meta name=\"robots\" content=\"index, follow, max-snippet:-1, max-image-preview:large, max-video-preview:-1\" \/>\n<link rel=\"canonical\" href=\"https:\/\/www.biovertix.com\/ca\/el-nostre-procediment\/\" \/>\n<meta property=\"og:locale\" content=\"ca_ES\" \/>\n<meta property=\"og:type\" content=\"article\" \/>\n<meta property=\"og:title\" content=\"El nostre procediment - Biovertix - Centro de salud integral.\" \/>\n<meta property=\"og:description\" content=\"[vc_row type=&#8221;vc_default&#8221; css=&#8221;.vc_custom_1474212123263{padding-bottom: 40px !important;}&#8221;][vc_column css=&#8221;.vc_custom_1467303303610{padding-bottom: 20px !important;}&#8221;][vc_column_text]Tal com suggereix el nostre Logo \u2018Biovertix\u2019 o V\u00e9rtex de la Vida, la salut est\u00e0 per sobre de tot. \u00c9s el primer valor en l&#8217;escala de valors de totes les persones intel\u00b7ligents. La salut \u00e9s molt m\u00e9s que l&#8217;aus\u00e8ncia de dolor, la salut significa energia vital, benestar f\u00edsic&hellip;\" \/>\n<meta property=\"og:url\" content=\"https:\/\/www.biovertix.com\/ca\/el-nostre-procediment\/\" \/>\n<meta property=\"og:site_name\" content=\"Biovertix - Centro de salud integral.\" \/>\n<meta property=\"article:publisher\" content=\"https:\/\/www.facebook.com\/doctoraolaru\" \/>\n<meta property=\"article:modified_time\" content=\"2021-09-06T11:15:58+00:00\" \/>\n<meta name=\"twitter:card\" content=\"summary_large_image\" \/>\n<meta name=\"twitter:label1\" content=\"Temps estimat de lectura\" \/>\n\t<meta name=\"twitter:data1\" content=\"1 minut\" \/>\n<script type=\"application\/ld+json\" class=\"yoast-schema-graph\">{\"@context\":\"https:\\\/\\\/schema.org\",\"@graph\":[{\"@type\":\"WebPage\",\"@id\":\"https:\\\/\\\/www.biovertix.com\\\/ca\\\/el-nostre-procediment\\\/\",\"url\":\"https:\\\/\\\/www.biovertix.com\\\/ca\\\/el-nostre-procediment\\\/\",\"name\":\"El nostre procediment - Biovertix - Centro de salud integral.\",\"isPartOf\":{\"@id\":\"https:\\\/\\\/www.biovertix.com\\\/#website\"},\"datePublished\":\"2021-07-27T14:02:18+00:00\",\"dateModified\":\"2021-09-06T11:15:58+00:00\",\"breadcrumb\":{\"@id\":\"https:\\\/\\\/www.biovertix.com\\\/ca\\\/el-nostre-procediment\\\/#breadcrumb\"},\"inLanguage\":\"ca\",\"potentialAction\":[{\"@type\":\"ReadAction\",\"target\":[\"https:\\\/\\\/www.biovertix.com\\\/ca\\\/el-nostre-procediment\\\/\"]}]},{\"@type\":\"BreadcrumbList\",\"@id\":\"https:\\\/\\\/www.biovertix.com\\\/ca\\\/el-nostre-procediment\\\/#breadcrumb\",\"itemListElement\":[{\"@type\":\"ListItem\",\"position\":1,\"name\":\"Portada\",\"item\":\"https:\\\/\\\/www.biovertix.com\\\/ca\\\/inicio\\\/\"},{\"@type\":\"ListItem\",\"position\":2,\"name\":\"El nostre procediment\"}]},{\"@type\":\"WebSite\",\"@id\":\"https:\\\/\\\/www.biovertix.com\\\/#website\",\"url\":\"https:\\\/\\\/www.biovertix.com\\\/\",\"name\":\"Biovertix - Centro de salud integral.\",\"description\":\"Salud integrativa y quiropr\u00e1ctica en Barcelona\",\"publisher\":{\"@id\":\"https:\\\/\\\/www.biovertix.com\\\/#organization\"},\"potentialAction\":[{\"@type\":\"SearchAction\",\"target\":{\"@type\":\"EntryPoint\",\"urlTemplate\":\"https:\\\/\\\/www.biovertix.com\\\/?s={search_term_string}\"},\"query-input\":{\"@type\":\"PropertyValueSpecification\",\"valueRequired\":true,\"valueName\":\"search_term_string\"}}],\"inLanguage\":\"ca\"},{\"@type\":\"Organization\",\"@id\":\"https:\\\/\\\/www.biovertix.com\\\/#organization\",\"name\":\"Biovertix - Centro de salud integral.\",\"url\":\"https:\\\/\\\/www.biovertix.com\\\/\",\"logo\":{\"@type\":\"ImageObject\",\"inLanguage\":\"ca\",\"@id\":\"https:\\\/\\\/www.biovertix.com\\\/#\\\/schema\\\/logo\\\/image\\\/\",\"url\":\"https:\\\/\\\/www.biovertix.com\\\/wp-content\\\/uploads\\\/2021\\\/07\\\/biovertix-retina.png\",\"contentUrl\":\"https:\\\/\\\/www.biovertix.com\\\/wp-content\\\/uploads\\\/2021\\\/07\\\/biovertix-retina.png\",\"width\":364,\"height\":170,\"caption\":\"Biovertix - Centro de salud integral.\"},\"image\":{\"@id\":\"https:\\\/\\\/www.biovertix.com\\\/#\\\/schema\\\/logo\\\/image\\\/\"},\"sameAs\":[\"https:\\\/\\\/www.facebook.com\\\/doctoraolaru\"]}]}<\/script>\n<!-- \/ Yoast SEO plugin. -->","yoast_head_json":{"title":"El nostre procediment - Biovertix - Centro de salud integral.","robots":{"index":"index","follow":"follow","max-snippet":"max-snippet:-1","max-image-preview":"max-image-preview:large","max-video-preview":"max-video-preview:-1"},"canonical":"https:\/\/www.biovertix.com\/ca\/el-nostre-procediment\/","og_locale":"ca_ES","og_type":"article","og_title":"El nostre procediment - Biovertix - Centro de salud integral.","og_description":"[vc_row type=&#8221;vc_default&#8221; css=&#8221;.vc_custom_1474212123263{padding-bottom: 40px !important;}&#8221;][vc_column css=&#8221;.vc_custom_1467303303610{padding-bottom: 20px !important;}&#8221;][vc_column_text]Tal com suggereix el nostre Logo \u2018Biovertix\u2019 o V\u00e9rtex de la Vida, la salut est\u00e0 per sobre de tot. \u00c9s el primer valor en l&#8217;escala de valors de totes les persones intel\u00b7ligents. La salut \u00e9s molt m\u00e9s que l&#8217;aus\u00e8ncia de dolor, la salut significa energia vital, benestar f\u00edsic&hellip;","og_url":"https:\/\/www.biovertix.com\/ca\/el-nostre-procediment\/","og_site_name":"Biovertix - Centro de salud integral.","article_publisher":"https:\/\/www.facebook.com\/doctoraolaru","article_modified_time":"2021-09-06T11:15:58+00:00","twitter_card":"summary_large_image","twitter_misc":{"Temps estimat de lectura":"1 minut"},"schema":{"@context":"https:\/\/schema.org","@graph":[{"@type":"WebPage","@id":"https:\/\/www.biovertix.com\/ca\/el-nostre-procediment\/","url":"https:\/\/www.biovertix.com\/ca\/el-nostre-procediment\/","name":"El nostre procediment - Biovertix - Centro de salud integral.","isPartOf":{"@id":"https:\/\/www.biovertix.com\/#website"},"datePublished":"2021-07-27T14:02:18+00:00","dateModified":"2021-09-06T11:15:58+00:00","breadcrumb":{"@id":"https:\/\/www.biovertix.com\/ca\/el-nostre-procediment\/#breadcrumb"},"inLanguage":"ca","potentialAction":[{"@type":"ReadAction","target":["https:\/\/www.biovertix.com\/ca\/el-nostre-procediment\/"]}]},{"@type":"BreadcrumbList","@id":"https:\/\/www.biovertix.com\/ca\/el-nostre-procediment\/#breadcrumb","itemListElement":[{"@type":"ListItem","position":1,"name":"Portada","item":"https:\/\/www.biovertix.com\/ca\/inicio\/"},{"@type":"ListItem","position":2,"name":"El nostre procediment"}]},{"@type":"WebSite","@id":"https:\/\/www.biovertix.com\/#website","url":"https:\/\/www.biovertix.com\/","name":"Biovertix - Centro de salud integral.","description":"Salud integrativa y quiropr\u00e1ctica en Barcelona","publisher":{"@id":"https:\/\/www.biovertix.com\/#organization"},"potentialAction":[{"@type":"SearchAction","target":{"@type":"EntryPoint","urlTemplate":"https:\/\/www.biovertix.com\/?s={search_term_string}"},"query-input":{"@type":"PropertyValueSpecification","valueRequired":true,"valueName":"search_term_string"}}],"inLanguage":"ca"},{"@type":"Organization","@id":"https:\/\/www.biovertix.com\/#organization","name":"Biovertix - Centro de salud integral.","url":"https:\/\/www.biovertix.com\/","logo":{"@type":"ImageObject","inLanguage":"ca","@id":"https:\/\/www.biovertix.com\/#\/schema\/logo\/image\/","url":"https:\/\/www.biovertix.com\/wp-content\/uploads\/2021\/07\/biovertix-retina.png","contentUrl":"https:\/\/www.biovertix.com\/wp-content\/uploads\/2021\/07\/biovertix-retina.png","width":364,"height":170,"caption":"Biovertix - Centro de salud integral."},"image":{"@id":"https:\/\/www.biovertix.com\/#\/schema\/logo\/image\/"},"sameAs":["https:\/\/www.facebook.com\/doctoraolaru"]}]}},"_links":{"self":[{"href":"https:\/\/www.biovertix.com\/ca\/wp-json\/wp\/v2\/pages\/1039","targetHints":{"allow":["GET"]}}],"collection":[{"href":"https:\/\/www.biovertix.com\/ca\/wp-json\/wp\/v2\/pages"}],"about":[{"href":"https:\/\/www.biovertix.com\/ca\/wp-json\/wp\/v2\/types\/page"}],"author":[{"embeddable":true,"href":"https:\/\/www.biovertix.com\/ca\/wp-json\/wp\/v2\/users\/1"}],"replies":[{"embeddable":true,"href":"https:\/\/www.biovertix.com\/ca\/wp-json\/wp\/v2\/comments?post=1039"}],"version-history":[{"count":1,"href":"https:\/\/www.biovertix.com\/ca\/wp-json\/wp\/v2\/pages\/1039\/revisions"}],"predecessor-version":[{"id":1042,"href":"https:\/\/www.biovertix.com\/ca\/wp-json\/wp\/v2\/pages\/1039\/revisions\/1042"}],"wp:attachment":[{"href":"https:\/\/www.biovertix.com\/ca\/wp-json\/wp\/v2\/media?parent=1039"}],"curies":[{"name":"wp","href":"https:\/\/api.w.org\/{rel}","templated":true}]}}