{"id":1026,"date":"2021-07-27T13:59:54","date_gmt":"2021-07-27T13:59:54","guid":{"rendered":"https:\/\/www.biovertix.com\/el-profesional-de-la-quiropractica\/"},"modified":"2021-09-06T10:48:46","modified_gmt":"2021-09-06T10:48:46","slug":"el-professional-de-la-quiropractica","status":"publish","type":"page","link":"https:\/\/www.biovertix.com\/ca\/el-professional-de-la-quiropractica\/","title":{"rendered":"El professional de la quiropr\u00e0ctica"},"content":{"rendered":"<div class=\"wpb-content-wrapper\"><p>[vc_row type=&#8221;vc_default&#8221; css=&#8221;.vc_custom_1474212123263{padding-bottom: 40px !important;}&#8221;][vc_column css=&#8221;.vc_custom_1467303303610{padding-bottom: 20px !important;}&#8221;][vc_column_text]<\/p>\n<h2>EL PROFESSIONAL DE LAQUIROPR\u00c0CTICA<\/h2>\n<p>[\/vc_column_text][vc_empty_space height=&#8221;45px&#8221;][vc_row_inner][vc_column_inner width=&#8221;1\/2&#8243;][vc_single_image image=&#8221;839&#8243; img_size=&#8221;full&#8221; alignment=&#8221;center&#8221; css=&#8221;.vc_custom_1627394427726{margin-bottom: 40px !important;}&#8221;][vc_column_text]<strong>Situaci\u00f3 de la Quiropr\u00e0ctica al m\u00f3n<\/strong><\/p>\n<p><b>Als EE.UU. Canad\u00e0, Austr\u00e0lia, Nova Zelanda i alguna pa\u00edsos europeus: Suissa, Anglaterra, Dinamarca, B\u00e8lgica, Fran\u00e7a, It\u00e0lia la quiropr\u00e0ctica ocupa la tercera posici\u00f3 entre les professions sanit\u00e0ries legalment reconegudes, essent la medicina complement\u00e0ria alternativa m\u00e9s utilitzada despr\u00e9s de la medicina alop\u00e0tica. (25)<\/b><\/p>\n<p>En aquests pa\u00edsos, el quiropr\u00e0citc \u00e9s un professional sanitari d&#8217;atenci\u00f3 prim\u00e0ria amb una carrera universit\u00e0ria superior amb el t\u00edtol de (Doctor of Chiropractic, abreviat DC).<\/p>\n<p>Als EUA els DC&#8217;s exerceixen en cl\u00edniques epecialitzades o multidisciplinars privades com la cl\u00ednica Mayo o p\u00fabliques com els centres governamentals de salut p\u00fablica, el NIH (National Institute of Health). La majoria d&#8217;aquests professionals tenen t\u00edtols d&#8217;estudis avan\u00e7ats en radiologia, traumatologia, neurologia o en medicina de l&#8217;esport.[\/vc_column_text][\/vc_column_inner][vc_column_inner width=&#8221;1\/2&#8243;][vc_column_text]<strong>Situaci\u00f3 a Espanya<\/strong><\/p>\n<p>A Espanya la quiropr\u00e0ctica no est\u00e0 ben integrada en el sistema sanitari ni acad\u00e8mic, encara, cosa que facilita el intrussisme professional.<\/p>\n<p>No \u00e9s estrany trobar qui es defineix com a quiropr\u00e0ctic sense haver superat la preceptiva formaci\u00f3 universit\u00e0ria.<\/p>\n<p>Amb freq\u00fc\u00e8ncia, es confonen amb la quiropr\u00e0ctica la quiropr\u00e0xia o el quiromassatge que en la majoria d&#8217;ocasions s\u00f3n manipulacions inespec\u00edfiques amb limitat efecte terap\u00e8utic.<\/p>\n<p>D&#8217;altres ter\u00e0pies que habitualment es confonen com a quiropr\u00e0ctica s\u00f3n l&#8217;espinologia i l&#8217;Atlas Profilax.<\/p>\n<p><b>Les t\u00e8cniques de manipulaci\u00f3 nom\u00e9s es dominen mitjan\u00e7ant les pr\u00e0ctiques realitzades al llarg dels anys d&#8217;universitat sota la supervisi\u00f3 d&#8217;experts metges, fisi\u00f2legs i quiropr\u00e0ctics.<\/b><\/p>\n<p>Aix\u00ed mateix, un quiropr\u00e0ctic mai ajustar\u00e0 una v\u00e8rtebra sense haver fet radiografies abans i despr\u00e9s de l&#8217;ajust. Radiologia \u00e9s una de les mat\u00e8ries b\u00e0siques de la nostra formaci\u00f3 universit\u00e0ria.<\/p>\n<p>S&#8217;ha d&#8217;extremar la precauci\u00f3 en decidir qui deixem tocar la columna; els terapeutes que no han rebut la formaci\u00f3 adequada, senzillament, ignoren el perill que aquestes manipulacions poden causar quan es practiquen de forma inexperta.<\/p>\n<p>Li recomanem que verifiqui la titulaci\u00f3 del terapeuta que l&#8217;ha de tractar: el quiropr\u00e0ctic li podr\u00e0 mostrar en el 100% dels casos les seves credencials acad\u00e8miques.<\/p>\n<p><b>D&#8217;altra banda, a Espanya existeix la AEQ, Asociaci\u00f3n Espa\u00f1ola de Quiropr\u00e1cticos a la que nom\u00e9s es poden subscriure els quiropr\u00e0ctics titulats.<\/b><\/p>\n<p>Els quiropr\u00e0ctics tenim l&#8217;esperan\u00e7a que, en breu, aquesta situaci\u00f3 es normalitzi ja que, des de fa dos anys, existeix una primera facultat de quiropr\u00e0ctica adscrita a la <a href=\"http:\/\/www.rcumariacristina.com\/esp\/portada2.php?idSec=3\" target=\"_blank\" rel=\"noopener\">Universidad Complutense de Madrid.<\/a><\/p>\n<p>Una altra escola quiropr\u00e0ctica ha obert les seves portes a l&#8217;octubre de 2009 a Barcelona.<\/p>\n<p><a href=\"http:\/\/www.bcchiropractic.es\" target=\"_blank\" rel=\"noopener\">BC Chiropractic<\/a>[\/vc_column_text][\/vc_column_inner][\/vc_row_inner][\/vc_column][\/vc_row]<\/p>\n<\/div>","protected":false},"excerpt":{"rendered":"<p>[vc_row type=&#8221;vc_default&#8221; css=&#8221;.vc_custom_1474212123263{padding-bottom: 40px !important;}&#8221;][vc_column css=&#8221;.vc_custom_1467303303610{padding-bottom: 20px !important;}&#8221;][vc_column_text] EL PROFESSIONAL DE LAQUIROPR\u00c0CTICA [\/vc_column_text][vc_empty_space height=&#8221;45px&#8221;][vc_row_inner][vc_column_inner width=&#8221;1\/2&#8243;][vc_single_image image=&#8221;839&#8243; img_size=&#8221;full&#8221; alignment=&#8221;center&#8221; css=&#8221;.vc_custom_1627394427726{margin-bottom: 40px !important;}&#8221;][vc_column_text]Situaci\u00f3 de la Quiropr\u00e0ctica al m\u00f3n Als EE.UU. Canad\u00e0, Austr\u00e0lia, Nova Zelanda i alguna pa\u00edsos europeus: Suissa, Anglaterra, Dinamarca, B\u00e8lgica, Fran\u00e7a, It\u00e0lia la quiropr\u00e0ctica ocupa la tercera posici\u00f3 entre les professions sanit\u00e0ries legalment reconegudes, essent&hellip;<\/p>\n","protected":false},"author":1,"featured_media":0,"parent":0,"menu_order":1,"comment_status":"closed","ping_status":"closed","template":"","meta":{"footnotes":""},"class_list":["post-1026","page","type-page","status-publish","hentry","description-off"],"yoast_head":"<!-- This site is optimized with the Yoast SEO plugin v27.3 - https:\/\/yoast.com\/product\/yoast-seo-wordpress\/ -->\n<title>El professional de la quiropr\u00e0ctica - Biovertix - Centro de salud integral.<\/title>\n<meta name=\"robots\" content=\"index, follow, max-snippet:-1, max-image-preview:large, max-video-preview:-1\" \/>\n<link rel=\"canonical\" href=\"https:\/\/www.biovertix.com\/ca\/el-professional-de-la-quiropractica\/\" \/>\n<meta property=\"og:locale\" content=\"ca_ES\" \/>\n<meta property=\"og:type\" content=\"article\" \/>\n<meta property=\"og:title\" content=\"El professional de la quiropr\u00e0ctica - Biovertix - Centro de salud integral.\" \/>\n<meta property=\"og:description\" content=\"[vc_row type=&#8221;vc_default&#8221; css=&#8221;.vc_custom_1474212123263{padding-bottom: 40px !important;}&#8221;][vc_column css=&#8221;.vc_custom_1467303303610{padding-bottom: 20px !important;}&#8221;][vc_column_text] EL PROFESSIONAL DE LAQUIROPR\u00c0CTICA [\/vc_column_text][vc_empty_space height=&#8221;45px&#8221;][vc_row_inner][vc_column_inner width=&#8221;1\/2&#8243;][vc_single_image image=&#8221;839&#8243; img_size=&#8221;full&#8221; alignment=&#8221;center&#8221; css=&#8221;.vc_custom_1627394427726{margin-bottom: 40px !important;}&#8221;][vc_column_text]Situaci\u00f3 de la Quiropr\u00e0ctica al m\u00f3n Als EE.UU. Canad\u00e0, Austr\u00e0lia, Nova Zelanda i alguna pa\u00edsos europeus: Suissa, Anglaterra, Dinamarca, B\u00e8lgica, Fran\u00e7a, It\u00e0lia la quiropr\u00e0ctica ocupa la tercera posici\u00f3 entre les professions sanit\u00e0ries legalment reconegudes, essent&hellip;\" \/>\n<meta property=\"og:url\" content=\"https:\/\/www.biovertix.com\/ca\/el-professional-de-la-quiropractica\/\" \/>\n<meta property=\"og:site_name\" content=\"Biovertix - Centro de salud integral.\" \/>\n<meta property=\"article:publisher\" content=\"https:\/\/www.facebook.com\/doctoraolaru\" \/>\n<meta property=\"article:modified_time\" content=\"2021-09-06T10:48:46+00:00\" \/>\n<meta name=\"twitter:card\" content=\"summary_large_image\" \/>\n<meta name=\"twitter:label1\" content=\"Temps estimat de lectura\" \/>\n\t<meta name=\"twitter:data1\" content=\"3 minuts\" \/>\n<script type=\"application\/ld+json\" class=\"yoast-schema-graph\">{\"@context\":\"https:\\\/\\\/schema.org\",\"@graph\":[{\"@type\":\"WebPage\",\"@id\":\"https:\\\/\\\/www.biovertix.com\\\/ca\\\/el-professional-de-la-quiropractica\\\/\",\"url\":\"https:\\\/\\\/www.biovertix.com\\\/ca\\\/el-professional-de-la-quiropractica\\\/\",\"name\":\"El professional de la quiropr\u00e0ctica - Biovertix - Centro de salud integral.\",\"isPartOf\":{\"@id\":\"https:\\\/\\\/www.biovertix.com\\\/#website\"},\"datePublished\":\"2021-07-27T13:59:54+00:00\",\"dateModified\":\"2021-09-06T10:48:46+00:00\",\"breadcrumb\":{\"@id\":\"https:\\\/\\\/www.biovertix.com\\\/ca\\\/el-professional-de-la-quiropractica\\\/#breadcrumb\"},\"inLanguage\":\"ca\",\"potentialAction\":[{\"@type\":\"ReadAction\",\"target\":[\"https:\\\/\\\/www.biovertix.com\\\/ca\\\/el-professional-de-la-quiropractica\\\/\"]}]},{\"@type\":\"BreadcrumbList\",\"@id\":\"https:\\\/\\\/www.biovertix.com\\\/ca\\\/el-professional-de-la-quiropractica\\\/#breadcrumb\",\"itemListElement\":[{\"@type\":\"ListItem\",\"position\":1,\"name\":\"Portada\",\"item\":\"https:\\\/\\\/www.biovertix.com\\\/ca\\\/inicio\\\/\"},{\"@type\":\"ListItem\",\"position\":2,\"name\":\"El professional de la quiropr\u00e0ctica\"}]},{\"@type\":\"WebSite\",\"@id\":\"https:\\\/\\\/www.biovertix.com\\\/#website\",\"url\":\"https:\\\/\\\/www.biovertix.com\\\/\",\"name\":\"Biovertix - Centro de salud integral.\",\"description\":\"Salud integrativa y quiropr\u00e1ctica en Barcelona\",\"publisher\":{\"@id\":\"https:\\\/\\\/www.biovertix.com\\\/#organization\"},\"potentialAction\":[{\"@type\":\"SearchAction\",\"target\":{\"@type\":\"EntryPoint\",\"urlTemplate\":\"https:\\\/\\\/www.biovertix.com\\\/?s={search_term_string}\"},\"query-input\":{\"@type\":\"PropertyValueSpecification\",\"valueRequired\":true,\"valueName\":\"search_term_string\"}}],\"inLanguage\":\"ca\"},{\"@type\":\"Organization\",\"@id\":\"https:\\\/\\\/www.biovertix.com\\\/#organization\",\"name\":\"Biovertix - Centro de salud integral.\",\"url\":\"https:\\\/\\\/www.biovertix.com\\\/\",\"logo\":{\"@type\":\"ImageObject\",\"inLanguage\":\"ca\",\"@id\":\"https:\\\/\\\/www.biovertix.com\\\/#\\\/schema\\\/logo\\\/image\\\/\",\"url\":\"https:\\\/\\\/www.biovertix.com\\\/wp-content\\\/uploads\\\/2021\\\/07\\\/biovertix-retina.png\",\"contentUrl\":\"https:\\\/\\\/www.biovertix.com\\\/wp-content\\\/uploads\\\/2021\\\/07\\\/biovertix-retina.png\",\"width\":364,\"height\":170,\"caption\":\"Biovertix - Centro de salud integral.\"},\"image\":{\"@id\":\"https:\\\/\\\/www.biovertix.com\\\/#\\\/schema\\\/logo\\\/image\\\/\"},\"sameAs\":[\"https:\\\/\\\/www.facebook.com\\\/doctoraolaru\"]}]}<\/script>\n<!-- \/ Yoast SEO plugin. -->","yoast_head_json":{"title":"El professional de la quiropr\u00e0ctica - Biovertix - Centro de salud integral.","robots":{"index":"index","follow":"follow","max-snippet":"max-snippet:-1","max-image-preview":"max-image-preview:large","max-video-preview":"max-video-preview:-1"},"canonical":"https:\/\/www.biovertix.com\/ca\/el-professional-de-la-quiropractica\/","og_locale":"ca_ES","og_type":"article","og_title":"El professional de la quiropr\u00e0ctica - Biovertix - Centro de salud integral.","og_description":"[vc_row type=&#8221;vc_default&#8221; css=&#8221;.vc_custom_1474212123263{padding-bottom: 40px !important;}&#8221;][vc_column css=&#8221;.vc_custom_1467303303610{padding-bottom: 20px !important;}&#8221;][vc_column_text] EL PROFESSIONAL DE LAQUIROPR\u00c0CTICA [\/vc_column_text][vc_empty_space height=&#8221;45px&#8221;][vc_row_inner][vc_column_inner width=&#8221;1\/2&#8243;][vc_single_image image=&#8221;839&#8243; img_size=&#8221;full&#8221; alignment=&#8221;center&#8221; css=&#8221;.vc_custom_1627394427726{margin-bottom: 40px !important;}&#8221;][vc_column_text]Situaci\u00f3 de la Quiropr\u00e0ctica al m\u00f3n Als EE.UU. Canad\u00e0, Austr\u00e0lia, Nova Zelanda i alguna pa\u00edsos europeus: Suissa, Anglaterra, Dinamarca, B\u00e8lgica, Fran\u00e7a, It\u00e0lia la quiropr\u00e0ctica ocupa la tercera posici\u00f3 entre les professions sanit\u00e0ries legalment reconegudes, essent&hellip;","og_url":"https:\/\/www.biovertix.com\/ca\/el-professional-de-la-quiropractica\/","og_site_name":"Biovertix - Centro de salud integral.","article_publisher":"https:\/\/www.facebook.com\/doctoraolaru","article_modified_time":"2021-09-06T10:48:46+00:00","twitter_card":"summary_large_image","twitter_misc":{"Temps estimat de lectura":"3 minuts"},"schema":{"@context":"https:\/\/schema.org","@graph":[{"@type":"WebPage","@id":"https:\/\/www.biovertix.com\/ca\/el-professional-de-la-quiropractica\/","url":"https:\/\/www.biovertix.com\/ca\/el-professional-de-la-quiropractica\/","name":"El professional de la quiropr\u00e0ctica - Biovertix - Centro de salud integral.","isPartOf":{"@id":"https:\/\/www.biovertix.com\/#website"},"datePublished":"2021-07-27T13:59:54+00:00","dateModified":"2021-09-06T10:48:46+00:00","breadcrumb":{"@id":"https:\/\/www.biovertix.com\/ca\/el-professional-de-la-quiropractica\/#breadcrumb"},"inLanguage":"ca","potentialAction":[{"@type":"ReadAction","target":["https:\/\/www.biovertix.com\/ca\/el-professional-de-la-quiropractica\/"]}]},{"@type":"BreadcrumbList","@id":"https:\/\/www.biovertix.com\/ca\/el-professional-de-la-quiropractica\/#breadcrumb","itemListElement":[{"@type":"ListItem","position":1,"name":"Portada","item":"https:\/\/www.biovertix.com\/ca\/inicio\/"},{"@type":"ListItem","position":2,"name":"El professional de la quiropr\u00e0ctica"}]},{"@type":"WebSite","@id":"https:\/\/www.biovertix.com\/#website","url":"https:\/\/www.biovertix.com\/","name":"Biovertix - Centro de salud integral.","description":"Salud integrativa y quiropr\u00e1ctica en Barcelona","publisher":{"@id":"https:\/\/www.biovertix.com\/#organization"},"potentialAction":[{"@type":"SearchAction","target":{"@type":"EntryPoint","urlTemplate":"https:\/\/www.biovertix.com\/?s={search_term_string}"},"query-input":{"@type":"PropertyValueSpecification","valueRequired":true,"valueName":"search_term_string"}}],"inLanguage":"ca"},{"@type":"Organization","@id":"https:\/\/www.biovertix.com\/#organization","name":"Biovertix - Centro de salud integral.","url":"https:\/\/www.biovertix.com\/","logo":{"@type":"ImageObject","inLanguage":"ca","@id":"https:\/\/www.biovertix.com\/#\/schema\/logo\/image\/","url":"https:\/\/www.biovertix.com\/wp-content\/uploads\/2021\/07\/biovertix-retina.png","contentUrl":"https:\/\/www.biovertix.com\/wp-content\/uploads\/2021\/07\/biovertix-retina.png","width":364,"height":170,"caption":"Biovertix - Centro de salud integral."},"image":{"@id":"https:\/\/www.biovertix.com\/#\/schema\/logo\/image\/"},"sameAs":["https:\/\/www.facebook.com\/doctoraolaru"]}]}},"_links":{"self":[{"href":"https:\/\/www.biovertix.com\/ca\/wp-json\/wp\/v2\/pages\/1026","targetHints":{"allow":["GET"]}}],"collection":[{"href":"https:\/\/www.biovertix.com\/ca\/wp-json\/wp\/v2\/pages"}],"about":[{"href":"https:\/\/www.biovertix.com\/ca\/wp-json\/wp\/v2\/types\/page"}],"author":[{"embeddable":true,"href":"https:\/\/www.biovertix.com\/ca\/wp-json\/wp\/v2\/users\/1"}],"replies":[{"embeddable":true,"href":"https:\/\/www.biovertix.com\/ca\/wp-json\/wp\/v2\/comments?post=1026"}],"version-history":[{"count":2,"href":"https:\/\/www.biovertix.com\/ca\/wp-json\/wp\/v2\/pages\/1026\/revisions"}],"predecessor-version":[{"id":1029,"href":"https:\/\/www.biovertix.com\/ca\/wp-json\/wp\/v2\/pages\/1026\/revisions\/1029"}],"wp:attachment":[{"href":"https:\/\/www.biovertix.com\/ca\/wp-json\/wp\/v2\/media?parent=1026"}],"curies":[{"name":"wp","href":"https:\/\/api.w.org\/{rel}","templated":true}]}}